{"id":711,"date":"2025-05-01T15:27:36","date_gmt":"2025-05-01T13:27:36","guid":{"rendered":"https:\/\/pulcinellasierre.ch\/?page_id=711"},"modified":"2026-04-04T07:35:58","modified_gmt":"2026-04-04T05:35:58","slug":"qui-sommes-nous","status":"publish","type":"page","link":"https:\/\/pulcinellasierre.ch\/en\/qui-sommes-nous\/","title":{"rendered":"Who are we"},"content":{"rendered":"<p>[et_pb_section fb_built=\u00a0\u00bb1&Prime; _builder_version=\u00a0\u00bb4.27.4&Prime; _module_preset=\u00a0\u00bbdefault\u00a0\u00bb background_color=\u00a0\u00bb#FFFFFF\u00a0\u00bb custom_padding=\u00a0\u00bb39px||0px|||\u00a0\u00bb top_divider_style=\u00a0\u00bbslant\u00a0\u00bb top_divider_color=\u00a0\u00bb#000000&Prime; bottom_divider_color=\u00a0\u00bbRGBA(0,0,0,0)\u00a0\u00bb global_colors_info=\u00a0\u00bb{}\u00a0\u00bb][et_pb_row column_structure=\u00a0\u00bb1_2,1_2&Prime; _builder_version=\u00a0\u00bb4.27.6&Prime; _module_preset=\u00a0\u00bbdefault\u00a0\u00bb max_width=\u00a0\u00bb980px\u00a0\u00bb custom_margin=\u00a0\u00bb30px||||false|false\u00a0\u00bb custom_padding=\u00a0\u00bb||5px|||\u00a0\u00bb global_colors_info=\u00a0\u00bb{}\u00a0\u00bb][et_pb_column type=\u00a0\u00bb1_2&Prime; _builder_version=\u00a0\u00bb4.16&Prime; _module_preset=\u00a0\u00bbdefault\u00a0\u00bb global_colors_info=\u00a0\u00bb{}\u00a0\u00bb][et_pb_text _builder_version=\u00a0\u00bb4.27.6&Prime; _module_preset=\u00a0\u00bbdefault\u00a0\u00bb text_text_color=\u00a0\u00bb#545454&Prime; text_font_size=\u00a0\u00bb21px\u00a0\u00bb header_text_color=\u00a0\u00bb#FFFFFF\u00a0\u00bb header_2_font=\u00a0\u00bb|600|||||||\u00a0\u00bb header_2_text_color=\u00a0\u00bb#000000&Prime; header_2_font_size=\u00a0\u00bb43px\u00a0\u00bb animation_style=\u00a0\u00bbslide\u00a0\u00bb animation_direction=\u00a0\u00bbright\u00a0\u00bb hover_enabled=\u00a0\u00bb0&Prime; header_2_font_size_tablet=\u00a0\u00bb43px\u00a0\u00bb header_2_font_size_phone=\u00a0\u00bb25px\u00a0\u00bb header_2_font_size_last_edited=\u00a0\u00bbon|phone\u00a0\u00bb header_2_line_height_tablet=\u00a0\u00bb\u00a0\u00bb header_2_line_height_phone=\u00a0\u00bb1.1em\u00a0\u00bb header_2_line_height_last_edited=\u00a0\u00bbon|phone\u00a0\u00bb header_3_font_size_tablet=\u00a0\u00bb\u00a0\u00bb header_3_font_size_phone=\u00a0\u00bb23px\u00a0\u00bb header_3_font_size_last_edited=\u00a0\u00bbon|phone\u00a0\u00bb global_colors_info=\u00a0\u00bb{}\u00a0\u00bb sticky_enabled=\u00a0\u00bb0&Prime;]<\/p>\n<div class=\"u_1678972967 dmRespCol small-12 medium-6 large-6\" id=\"1678972967\" data-anim-desktop=\"fadeInLeft\">\n<div class=\"dmNewParagraph u_1701086471\" data-dmtmpl=\"true\" data-element-type=\"paragraph\" id=\"1701086471\" data-uialign=\"center\">\n<div class=\"u_1528985934 dmNewParagraph\" data-element-type=\"paragraph\" id=\"1528985934\" data-anim-desktop=\"none\" data-version=\"5\">\n<h2><strong>Pulcinella &#8211; Sierre<\/strong><strong>\u00a0<\/strong><\/h2>\n<\/div>\n<h3><span style=\"color: #000000;\"><strong>Toute la convivialit\u00e9 et le soleil de l&rsquo;Italie.<\/strong><\/span><\/h3>\n<p class=\"size-17 m-size-14\">Forts d&rsquo;une longue exp\u00e9rience dans la restauration en Valais et en Italie, Carmen et Max vous proposent des pizzas classiques et originales pour satisfaire tous les amateurs de cuisine italienne traditionnelle.<\/p>\n<p data-start=\"0\" data-end=\"342\">Chez eux, chaque d\u00e9tail est pens\u00e9 pour vous faire voyager : de l\u2019accueil chaleureux jusqu\u2019aux saveurs authentiques qui rappellent les trattorias italiennes. Les ingr\u00e9dients sont s\u00e9lectionn\u00e9s avec soin, la p\u00e2te est travaill\u00e9e selon un savoir-faire ma\u00eetris\u00e9, et chaque pizza est pr\u00e9par\u00e9e avec passion, dans le respect de la tradition.<\/p>\n<p data-start=\"344\" data-end=\"635\">Au-del\u00e0 des pizzas, la carte met \u00e0 l\u2019honneur une cuisine g\u00e9n\u00e9reuse et sinc\u00e8re, inspir\u00e9e des recettes familiales italiennes. Que vous soyez amateur de classiques intemporels ou curieux de nouvelles associations de saveurs, chacun y trouve son plaisir dans une ambiance conviviale et d\u00e9tendue.<\/p>\n<p data-start=\"637\" data-end=\"874\" data-is-last-node=\"\" data-is-only-node=\"\">Que ce soit pour un repas entre amis, un moment en famille ou simplement pour savourer un instant gourmand, Carmen et Max vous accueillent avec le sourire et l\u2019envie de partager bien plus qu\u2019un repas : une v\u00e9ritable exp\u00e9rience italienne.<\/p>\n<\/div>\n<\/div>\n<p>[\/et_pb_text][\/et_pb_column][et_pb_column type=\u00a0\u00bb1_2&Prime; _builder_version=\u00a0\u00bb4.16&Prime; _module_preset=\u00a0\u00bbdefault\u00a0\u00bb global_colors_info=\u00a0\u00bb{}\u00a0\u00bb][et_pb_image src=\u00a0\u00bbhttp:\/\/pulcinellasierre.ch\/wp-content\/uploads\/2026\/03\/accueil-13.jpeg\u00a0\u00bb title_text=\u00a0\u00bbaccueil (13)\u00a0\u00bb _builder_version=\u00a0\u00bb4.27.6&Prime; _module_preset=\u00a0\u00bbdefault\u00a0\u00bb transform_translate=\u00a0\u00bb-50px|-42px\u00a0\u00bb custom_margin=\u00a0\u00bb90px|-40px||20px|false|false\u00a0\u00bb animation_style=\u00a0\u00bbslide\u00a0\u00bb animation_direction=\u00a0\u00bbleft\u00a0\u00bb hover_enabled=\u00a0\u00bb0&Prime; global_colors_info=\u00a0\u00bb{}\u00a0\u00bb sticky_enabled=\u00a0\u00bb0&Prime;][\/et_pb_image][et_pb_image src=\u00a0\u00bbhttp:\/\/pulcinellasierre.ch\/wp-content\/uploads\/2026\/03\/accueil-12.jpeg\u00a0\u00bb title_text=\u00a0\u00bbaccueil (12)\u00a0\u00bb _builder_version=\u00a0\u00bb4.27.6&Prime; _module_preset=\u00a0\u00bbdefault\u00a0\u00bb transform_translate=\u00a0\u00bb-50px|-42px\u00a0\u00bb custom_margin=\u00a0\u00bb-70px|-110px||90px|false|false\u00a0\u00bb custom_margin_tablet=\u00a0\u00bb-70px|-110px||90px|false|false\u00a0\u00bb custom_margin_phone=\u00a0\u00bb|-20px|||false|false\u00a0\u00bb custom_margin_last_edited=\u00a0\u00bbon|phone\u00a0\u00bb animation_style=\u00a0\u00bbslide\u00a0\u00bb animation_direction=\u00a0\u00bbleft\u00a0\u00bb hover_enabled=\u00a0\u00bb0&Prime; global_colors_info=\u00a0\u00bb{}\u00a0\u00bb sticky_enabled=\u00a0\u00bb0&Prime;][\/et_pb_image][\/et_pb_column][\/et_pb_row][\/et_pb_section][et_pb_section fb_built=\u00a0\u00bb1&Prime; _builder_version=\u00a0\u00bb4.27.4&Prime; _module_preset=\u00a0\u00bbdefault\u00a0\u00bb background_color=\u00a0\u00bb#000000&Prime; custom_padding=\u00a0\u00bb40px||0px||false|false\u00a0\u00bb top_divider_style=\u00a0\u00bbslant\u00a0\u00bb top_divider_color=\u00a0\u00bb#FFFFFF\u00a0\u00bb bottom_divider_color=\u00a0\u00bbRGBA(0,0,0,0)\u00a0\u00bb global_colors_info=\u00a0\u00bb{}\u00a0\u00bb][et_pb_row column_structure=\u00a0\u00bb1_2,1_2&Prime; _builder_version=\u00a0\u00bb4.27.4&Prime; _module_preset=\u00a0\u00bbdefault\u00a0\u00bb max_width=\u00a0\u00bb980px\u00a0\u00bb custom_margin=\u00a0\u00bb70px||0px||false|false\u00a0\u00bb global_colors_info=\u00a0\u00bb{}\u00a0\u00bb][et_pb_column type=\u00a0\u00bb1_2&Prime; _builder_version=\u00a0\u00bb4.16&Prime; _module_preset=\u00a0\u00bbdefault\u00a0\u00bb global_colors_info=\u00a0\u00bb{}\u00a0\u00bb][et_pb_image src=\u00a0\u00bbhttps:\/\/pulcinellasierre.ch\/wp-content\/uploads\/2026\/03\/accueil-7.jpeg\u00a0\u00bb title_text=\u00a0\u00bbaccueil (7)\u00a0\u00bb _builder_version=\u00a0\u00bb4.27.6&Prime; _module_preset=\u00a0\u00bbdefault\u00a0\u00bb transform_translate=\u00a0\u00bb-50px|-42px\u00a0\u00bb custom_margin=\u00a0\u00bb60px|||80px|false|false\u00a0\u00bb animation_style=\u00a0\u00bbslide\u00a0\u00bb animation_direction=\u00a0\u00bbleft\u00a0\u00bb global_colors_info=\u00a0\u00bb{}\u00a0\u00bb][\/et_pb_image][\/et_pb_column][et_pb_column type=\u00a0\u00bb1_2&Prime; _builder_version=\u00a0\u00bb4.16&Prime; _module_preset=\u00a0\u00bbdefault\u00a0\u00bb global_colors_info=\u00a0\u00bb{}\u00a0\u00bb][et_pb_text _builder_version=\u00a0\u00bb4.27.6&Prime; _module_preset=\u00a0\u00bbdefault\u00a0\u00bb text_text_color=\u00a0\u00bb#FFFFFF\u00a0\u00bb text_font_size=\u00a0\u00bb21px\u00a0\u00bb header_text_color=\u00a0\u00bb#FFFFFF\u00a0\u00bb header_2_font=\u00a0\u00bb|600|||||||\u00a0\u00bb header_2_text_color=\u00a0\u00bb#FFFFFF\u00a0\u00bb header_2_font_size=\u00a0\u00bb43px\u00a0\u00bb custom_margin=\u00a0\u00bb70px||||false|false\u00a0\u00bb custom_margin_tablet=\u00a0\u00bb70px||||false|false\u00a0\u00bb custom_margin_phone=\u00a0\u00bb-10px||||false|false\u00a0\u00bb custom_margin_last_edited=\u00a0\u00bbon|phone\u00a0\u00bb animation_style=\u00a0\u00bbslide\u00a0\u00bb animation_direction=\u00a0\u00bbright\u00a0\u00bb header_2_font_size_tablet=\u00a0\u00bb43px\u00a0\u00bb header_2_font_size_phone=\u00a0\u00bb25px\u00a0\u00bb header_2_font_size_last_edited=\u00a0\u00bbon|phone\u00a0\u00bb header_2_line_height_tablet=\u00a0\u00bb\u00a0\u00bb header_2_line_height_phone=\u00a0\u00bb1.1em\u00a0\u00bb header_2_line_height_last_edited=\u00a0\u00bbon|phone\u00a0\u00bb global_colors_info=\u00a0\u00bb{}\u00a0\u00bb]<\/p>\n<div class=\"u_1678972967 dmRespCol small-12 medium-6 large-6\" id=\"1678972967\" data-anim-desktop=\"fadeInLeft\">\n<div class=\"u_1771626660 dmNewParagraph hide-for-small\" data-element-type=\"paragraph\" id=\"1771626660\" data-version=\"5\">\n<h2 class=\"m-size-29 size-36\"><span class=\"m-font-size-29 font-size-36\">Plats du jour, pizzas et autres sp\u00e9cialit\u00e9s au centre de Sierre<\/span><\/h2>\n<\/div>\n<div class=\"u_1244188422 dmNewParagraph hide-for-small\" data-element-type=\"paragraph\" id=\"1244188422\" background-image=\"\" :=\"\" data-version=\"5\">\n<p class=\"text-align-left size-17\"><span class=\"font-size-17\">Que demander de plus ? Chez Pulcinella, nous mettons notre cadre exceptionnel au service de l&rsquo;exp\u00e9rience gustative unique que nous souhaitons vous faire vivre.<\/span><\/p>\n<\/div>\n<\/div>\n<p>[\/et_pb_text][\/et_pb_column][\/et_pb_row][\/et_pb_section][et_pb_section fb_built=\u00a0\u00bb1&Prime; _builder_version=\u00a0\u00bb4.27.4&Prime; _module_preset=\u00a0\u00bbdefault\u00a0\u00bb background_color=\u00a0\u00bb#FFFFFF\u00a0\u00bb custom_padding=\u00a0\u00bb39px||0px|||\u00a0\u00bb top_divider_style=\u00a0\u00bbslant\u00a0\u00bb top_divider_color=\u00a0\u00bb#000000&Prime; bottom_divider_color=\u00a0\u00bbRGBA(0,0,0,0)\u00a0\u00bb global_colors_info=\u00a0\u00bb{}\u00a0\u00bb][et_pb_row _builder_version=\u00a0\u00bb4.27.4&Prime; _module_preset=\u00a0\u00bbdefault\u00a0\u00bb max_width=\u00a0\u00bb980px\u00a0\u00bb custom_padding=\u00a0\u00bb120px||||false|false\u00a0\u00bb global_colors_info=\u00a0\u00bb{}\u00a0\u00bb][et_pb_column type=\u00a0\u00bb4_4&Prime; _builder_version=\u00a0\u00bb4.16&Prime; _module_preset=\u00a0\u00bbdefault\u00a0\u00bb global_colors_info=\u00a0\u00bb{}\u00a0\u00bb][et_pb_text _builder_version=\u00a0\u00bb4.27.6&Prime; _module_preset=\u00a0\u00bbdefault\u00a0\u00bb text_text_color=\u00a0\u00bb#000000&Prime; text_font_size=\u00a0\u00bb21px\u00a0\u00bb header_text_color=\u00a0\u00bb#FFFFFF\u00a0\u00bb header_2_font=\u00a0\u00bb|600|||||||\u00a0\u00bb header_2_text_color=\u00a0\u00bb#000000&Prime; header_2_font_size=\u00a0\u00bb43px\u00a0\u00bb custom_margin_tablet=\u00a0\u00bb\u00a0\u00bb custom_margin_phone=\u00a0\u00bb-40px||||false|false\u00a0\u00bb custom_margin_last_edited=\u00a0\u00bbon|phone\u00a0\u00bb animation_style=\u00a0\u00bbslide\u00a0\u00bb animation_direction=\u00a0\u00bbright\u00a0\u00bb header_2_font_size_tablet=\u00a0\u00bb43px\u00a0\u00bb header_2_font_size_phone=\u00a0\u00bb25px\u00a0\u00bb header_2_font_size_last_edited=\u00a0\u00bbon|phone\u00a0\u00bb header_2_line_height_tablet=\u00a0\u00bb\u00a0\u00bb header_2_line_height_phone=\u00a0\u00bb1.1em\u00a0\u00bb header_2_line_height_last_edited=\u00a0\u00bbon|phone\u00a0\u00bb global_colors_info=\u00a0\u00bb{}\u00a0\u00bb]<\/p>\n<div class=\"u_1639048245 dmNewParagraph\" data-element-type=\"paragraph\" id=\"1639048245\" data-anim-desktop=\"fadeIn\" data-version=\"5\">\n<h2 class=\"m-size-38 size-50\"><span class=\"m-font-size-38 font-size-50\">Pulcinella, une s\u00e9lections de sp\u00e9cialit\u00e9s remarquables au centre de Sierre<\/span><\/h2>\n<\/div>\n<div class=\"u_1206696842 dmNewParagraph\" data-element-type=\"paragraph\" id=\"1206696842\" background-image=\"\" :=\"\" data-anim-desktop=\"fadeIn\" data-version=\"5\">\n<p class=\"text-align-left size-17\"><span class=\"font-size-17\">Outre notre fameuse pizza Pulcinella qui fait notre fiert\u00e9, vous pourrez vous r\u00e9galer avec notre s\u00e9lection de plats du jour et de sp\u00e9cialit\u00e9s, parmi lesquelles se trouvent notamment notre tartare maison, nos calamerettis grill\u00e9s ou encore notre poulpe \u00e0 la Galicienne.<\/span><\/p>\n<\/div>\n<p>[\/et_pb_text][et_pb_button button_url=\u00a0\u00bb@ET-DC@eyJkeW5hbWljIjp0cnVlLCJjb250ZW50IjoicG9zdF9saW5rX3VybF9wYWdlIiwic2V0dGluZ3MiOnsicG9zdF9pZCI6IjYifX0=@\u00a0\u00bb button_text=\u00a0\u00bbNotre carte\u00a0\u00bb button_alignment=\u00a0\u00bbcenter\u00a0\u00bb _builder_version=\u00a0\u00bb4.27.4&Prime; _dynamic_attributes=\u00a0\u00bbbutton_url\u00a0\u00bb _module_preset=\u00a0\u00bbdefault\u00a0\u00bb custom_button=\u00a0\u00bbon\u00a0\u00bb button_text_size=\u00a0\u00bb17px\u00a0\u00bb button_text_color=\u00a0\u00bb#FFFFFF\u00a0\u00bb button_bg_color=\u00a0\u00bb#000000&Prime; button_border_width=\u00a0\u00bb2px\u00a0\u00bb button_border_radius=\u00a0\u00bb25px\u00a0\u00bb button_icon=\u00a0\u00bb&#x24;||divi||400&Prime; button_on_hover=\u00a0\u00bboff\u00a0\u00bb custom_padding=\u00a0\u00bb|80px||60px|false|false\u00a0\u00bb global_colors_info=\u00a0\u00bb{}\u00a0\u00bb button_bg_color__hover_enabled=\u00a0\u00bbon|hover\u00a0\u00bb button_bg_color__hover=\u00a0\u00bb#FFFFFF\u00a0\u00bb button_bg_enable_color__hover=\u00a0\u00bbon\u00a0\u00bb button_text_color__hover_enabled=\u00a0\u00bbon|desktop\u00a0\u00bb button_text_color__hover=\u00a0\u00bb#FFFFFF\u00a0\u00bb][\/et_pb_button][\/et_pb_column][\/et_pb_row][et_pb_row column_structure=\u00a0\u00bb1_2,1_2&Prime; _builder_version=\u00a0\u00bb4.27.4&Prime; _module_preset=\u00a0\u00bbdefault\u00a0\u00bb max_width=\u00a0\u00bb980px\u00a0\u00bb custom_margin=\u00a0\u00bb90px||120px||false|false\u00a0\u00bb custom_margin_tablet=\u00a0\u00bb90px||120px||false|false\u00a0\u00bb custom_margin_phone=\u00a0\u00bb0px||120px||false|false\u00a0\u00bb custom_margin_last_edited=\u00a0\u00bbon|phone\u00a0\u00bb custom_padding=\u00a0\u00bb||||false|false\u00a0\u00bb border_width_top=\u00a0\u00bb1px\u00a0\u00bb border_width_bottom=\u00a0\u00bb1px\u00a0\u00bb global_colors_info=\u00a0\u00bb{}\u00a0\u00bb][et_pb_column type=\u00a0\u00bb1_2&Prime; _builder_version=\u00a0\u00bb4.16&Prime; _module_preset=\u00a0\u00bbdefault\u00a0\u00bb global_colors_info=\u00a0\u00bb{}\u00a0\u00bb][et_pb_text _builder_version=\u00a0\u00bb4.27.4&Prime; _module_preset=\u00a0\u00bbdefault\u00a0\u00bb text_text_color=\u00a0\u00bb#545454&Prime; text_font_size=\u00a0\u00bb21px\u00a0\u00bb header_text_color=\u00a0\u00bb#FFFFFF\u00a0\u00bb header_2_font=\u00a0\u00bb|600|||||||\u00a0\u00bb header_2_text_color=\u00a0\u00bb#000000&Prime; header_2_font_size=\u00a0\u00bb43px\u00a0\u00bb custom_margin=\u00a0\u00bb||||false|false\u00a0\u00bb animation_style=\u00a0\u00bbslide\u00a0\u00bb animation_direction=\u00a0\u00bbright\u00a0\u00bb header_2_line_height_tablet=\u00a0\u00bb\u00a0\u00bb header_2_line_height_phone=\u00a0\u00bb1.1em\u00a0\u00bb header_2_line_height_last_edited=\u00a0\u00bbon|phone\u00a0\u00bb global_colors_info=\u00a0\u00bb{}\u00a0\u00bb]<\/p>\n<div class=\"u_1572607646 dmNewParagraph\" data-element-type=\"paragraph\" id=\"1572607646\" data-anim-desktop=\"fadeIn\" data-version=\"5\">\n<h2 class=\"m-size-38 size-50\"><span class=\"font-size-50 m-font-size-38\">R\u00e9servez votre table sans attendre !<\/span><\/h2>\n<p><span class=\"font-size-50 m-font-size-38\">\u00a0<\/span><\/p>\n<\/div>\n<div class=\"u_1701124958 dmNewParagraph\" data-element-type=\"paragraph\" id=\"1701124958\" background-image=\"\" :=\"\" data-anim-desktop=\"fadeIn\" data-version=\"5\">\n<p class=\"text-align-justify size-17\"><span class=\"font-size-17\">Pour les petites ou les grandes tabl\u00e9es, nous avons des propositions \u00e0 vous faire. En int\u00e9rieur comme en ext\u00e9rieur sur notre agr\u00e9able terrasse au centre de Gen\u00e8ve, b\u00e9n\u00e9ficiez chez nous d&rsquo;un cadre accueillant et chaleureux. Il n&rsquo;y a pas meilleur endroit dans tout le centre-ville de Gen\u00e8ve pour se faire plaisir avec de bons filets de perche.<\/span><\/p>\n<\/div>\n<p>[\/et_pb_text][et_pb_button button_url=\u00a0\u00bb@ET-DC@eyJkeW5hbWljIjp0cnVlLCJjb250ZW50IjoicG9zdF9saW5rX3VybF9wYWdlIiwic2V0dGluZ3MiOnsicG9zdF9pZCI6IjgifX0=@\u00a0\u00bb button_text=\u00a0\u00bbNous contacter\u00a0\u00bb button_alignment=\u00a0\u00bbcenter\u00a0\u00bb _builder_version=\u00a0\u00bb4.27.4&Prime; _dynamic_attributes=\u00a0\u00bbbutton_url\u00a0\u00bb _module_preset=\u00a0\u00bbdefault\u00a0\u00bb custom_button=\u00a0\u00bbon\u00a0\u00bb button_text_size=\u00a0\u00bb17px\u00a0\u00bb button_text_color=\u00a0\u00bb#FFFFFF\u00a0\u00bb button_bg_color=\u00a0\u00bb#000000&Prime; button_border_width=\u00a0\u00bb2px\u00a0\u00bb button_border_radius=\u00a0\u00bb25px\u00a0\u00bb button_icon=\u00a0\u00bb&#x24;||divi||400&Prime; button_on_hover=\u00a0\u00bboff\u00a0\u00bb custom_padding=\u00a0\u00bb|80px||60px|false|false\u00a0\u00bb global_colors_info=\u00a0\u00bb{}\u00a0\u00bb button_bg_color__hover_enabled=\u00a0\u00bbon|hover\u00a0\u00bb button_bg_color__hover=\u00a0\u00bb#FFFFFF\u00a0\u00bb button_bg_enable_color__hover=\u00a0\u00bbon\u00a0\u00bb button_text_color__hover_enabled=\u00a0\u00bbon|desktop\u00a0\u00bb button_text_color__hover=\u00a0\u00bb#FFFFFF\u00a0\u00bb][\/et_pb_button][\/et_pb_column][et_pb_column type=\u00a0\u00bb1_2&Prime; _builder_version=\u00a0\u00bb4.27.4&Prime; _module_preset=\u00a0\u00bbdefault\u00a0\u00bb global_colors_info=\u00a0\u00bb{}\u00a0\u00bb][et_pb_image src=\u00a0\u00bbhttps:\/\/pulcinellasierre.ch\/wp-content\/uploads\/2026\/03\/outside.jpg\u00a0\u00bb alt=\u00a0\u00bbwhite ship on water fountain under blue sky during daytime\u00a0\u00bb title_text=\u00a0\u00bboutside\u00a0\u00bb align_tablet=\u00a0\u00bb\u00a0\u00bb align_phone=\u00a0\u00bbcenter\u00a0\u00bb align_last_edited=\u00a0\u00bbon|phone\u00a0\u00bb _builder_version=\u00a0\u00bb4.27.6&Prime; _module_preset=\u00a0\u00bbdefault\u00a0\u00bb transform_translate=\u00a0\u00bb-50px|-42px\u00a0\u00bb custom_margin=\u00a0\u00bb46px|||40px|false|false\u00a0\u00bb custom_margin_tablet=\u00a0\u00bb46px|||40px|false|false\u00a0\u00bb custom_margin_phone=\u00a0\u00bb|0px||0px|false|true\u00a0\u00bb custom_margin_last_edited=\u00a0\u00bbon|phone\u00a0\u00bb animation_style=\u00a0\u00bbslide\u00a0\u00bb animation_direction=\u00a0\u00bbleft\u00a0\u00bb global_colors_info=\u00a0\u00bb{}\u00a0\u00bb][\/et_pb_image][\/et_pb_column][\/et_pb_row][\/et_pb_section]<\/p>\n","protected":false},"excerpt":{"rendered":"<p>Pulcinella &#8211; Sierre\u00a0 Toute la convivialit\u00e9 et le soleil de l&rsquo;Italie. Forts d&rsquo;une longue exp\u00e9rience dans la restauration en Valais et en Italie, Carmen et Max vous proposent des pizzas classiques et originales pour satisfaire tous les amateurs de cuisine italienne traditionnelle. Chez eux, chaque d\u00e9tail est pens\u00e9 pour vous faire voyager : de l\u2019accueil [&hellip;]<\/p>\n","protected":false},"author":4,"featured_media":0,"parent":0,"menu_order":20,"comment_status":"closed","ping_status":"closed","template":"","meta":{"_et_pb_use_builder":"on","_et_pb_old_content":"<!-- wp:divi\/placeholder \/-->","_et_gb_content_width":"","footnotes":""},"class_list":["post-711","page","type-page","status-publish","hentry"],"_links":{"self":[{"href":"https:\/\/pulcinellasierre.ch\/en\/wp-json\/wp\/v2\/pages\/711","targetHints":{"allow":["GET"]}}],"collection":[{"href":"https:\/\/pulcinellasierre.ch\/en\/wp-json\/wp\/v2\/pages"}],"about":[{"href":"https:\/\/pulcinellasierre.ch\/en\/wp-json\/wp\/v2\/types\/page"}],"author":[{"embeddable":true,"href":"https:\/\/pulcinellasierre.ch\/en\/wp-json\/wp\/v2\/users\/4"}],"replies":[{"embeddable":true,"href":"https:\/\/pulcinellasierre.ch\/en\/wp-json\/wp\/v2\/comments?post=711"}],"version-history":[{"count":6,"href":"https:\/\/pulcinellasierre.ch\/en\/wp-json\/wp\/v2\/pages\/711\/revisions"}],"predecessor-version":[{"id":960,"href":"https:\/\/pulcinellasierre.ch\/en\/wp-json\/wp\/v2\/pages\/711\/revisions\/960"}],"wp:attachment":[{"href":"https:\/\/pulcinellasierre.ch\/en\/wp-json\/wp\/v2\/media?parent=711"}],"curies":[{"name":"wp","href":"https:\/\/api.w.org\/{rel}","templated":true}]}}