{"id":709,"date":"2025-05-01T15:26:47","date_gmt":"2025-05-01T13:26:47","guid":{"rendered":"https:\/\/pulcinellasierre.ch\/?page_id=709"},"modified":"2026-03-29T17:58:24","modified_gmt":"2026-03-29T15:58:24","slug":"confidentialite","status":"publish","type":"page","link":"https:\/\/pulcinellasierre.ch\/it\/confidentialite\/","title":{"rendered":"confidentialite"},"content":{"rendered":"<p>[et_pb_section fb_built=\u00a0\u00bb1&Prime; _builder_version=\u00a0\u00bb4.27.4&Prime; _module_preset=\u00a0\u00bbdefault\u00a0\u00bb background_color=\u00a0\u00bb#FFFFFF\u00a0\u00bb custom_padding=\u00a0\u00bb39px||0px|||\u00a0\u00bb top_divider_style=\u00a0\u00bbslant\u00a0\u00bb top_divider_color=\u00a0\u00bb#000000&Prime; bottom_divider_color=\u00a0\u00bbRGBA(0,0,0,0)\u00a0\u00bb locked=\u00a0\u00bboff\u00a0\u00bb global_colors_info=\u00a0\u00bb{}\u00a0\u00bb][et_pb_row _builder_version=\u00a0\u00bb4.27.6&Prime; _module_preset=\u00a0\u00bbdefault\u00a0\u00bb max_width=\u00a0\u00bb2560px\u00a0\u00bb custom_margin=\u00a0\u00bb30px||||false|false\u00a0\u00bb custom_padding=\u00a0\u00bb||5px|||\u00a0\u00bb hover_enabled=\u00a0\u00bb0&Prime; global_colors_info=\u00a0\u00bb{}\u00a0\u00bb sticky_enabled=\u00a0\u00bb0&Prime;][et_pb_column type=\u00a0\u00bb4_4&Prime; _builder_version=\u00a0\u00bb4.16&Prime; _module_preset=\u00a0\u00bbdefault\u00a0\u00bb global_colors_info=\u00a0\u00bb{}\u00a0\u00bb][et_pb_text _builder_version=\u00a0\u00bb4.27.6&Prime; _module_preset=\u00a0\u00bbdefault\u00a0\u00bb text_font=\u00a0\u00bb&#8211;et_global_body_font|500|||||||\u00a0\u00bb text_text_color=\u00a0\u00bb#545454&Prime; text_font_size=\u00a0\u00bb12px\u00a0\u00bb link_font=\u00a0\u00bb|800|||on|||#034f26|\u00a0\u00bb link_text_color=\u00a0\u00bb#01a301&Prime; header_text_color=\u00a0\u00bb#FFFFFF\u00a0\u00bb header_2_font=\u00a0\u00bb|600|||||||\u00a0\u00bb header_2_text_color=\u00a0\u00bb#000000&Prime; header_2_font_size=\u00a0\u00bb43px\u00a0\u00bb header_3_font=\u00a0\u00bb&#8211;et_global_body_font|800||||on|||\u00a0\u00bb header_3_font_size=\u00a0\u00bb24px\u00a0\u00bb header_3_letter_spacing=\u00a0\u00bb-1px\u00a0\u00bb custom_margin=\u00a0\u00bb||40px||false|false\u00a0\u00bb animation_style=\u00a0\u00bbslide\u00a0\u00bb animation_direction=\u00a0\u00bbright\u00a0\u00bb header_2_font_size_tablet=\u00a0\u00bb43px\u00a0\u00bb header_2_font_size_phone=\u00a0\u00bb25px\u00a0\u00bb header_2_font_size_last_edited=\u00a0\u00bbon|phone\u00a0\u00bb header_2_line_height_tablet=\u00a0\u00bb\u00a0\u00bb header_2_line_height_phone=\u00a0\u00bb1.1em\u00a0\u00bb header_2_line_height_last_edited=\u00a0\u00bbon|phone\u00a0\u00bb header_3_font_size_phone=\u00a0\u00bb23px\u00a0\u00bb header_3_font_size_last_edited=\u00a0\u00bboff|desktop\u00a0\u00bb global_colors_info=\u00a0\u00bb{}\u00a0\u00bb]<\/p>\n<div class=\"u_1678972967 dmRespCol small-12 medium-6 large-6\" id=\"1678972967\" data-anim-desktop=\"fadeInLeft\">\n<div class=\"dmNewParagraph u_1701086471\" data-dmtmpl=\"true\" data-element-type=\"paragraph\" id=\"1701086471\" data-uialign=\"center\">\n<div class=\"u_1528985934 dmNewParagraph\" data-element-type=\"paragraph\" id=\"1528985934\" data-anim-desktop=\"none\" data-version=\"5\">\n<h2><strong>Politique de confidentialit\u00e9<\/strong><\/h2>\n<\/div>\n<div class=\"u_1781711635 dmNewParagraph\" data-element-type=\"paragraph\" id=\"1781711635\" background-image=\"\" :=\"\" data-anim-desktop=\"none\" data-version=\"5\"><\/div>\n<p class=\"size-17 m-size-14\"><span class=\"font-size-17 m-font-size-14\"><style>\n.my-column {\n  float: left;\n  width: 50%;\n  padding: 15px;\n}  \n.my-row:after {\n  content: \"\";\n  display: table;\n  clear: both;\n} \n  \n.my-amper{\n\tcolor:black; \n\tfont-size:large; \n\tfont-weight:bold;\n}  \n.my-title-1st-letter{\n\tfont-family=Open-Sans, Arial, sans-serif; \n\tcolor:black; \n\tfont-size:x-large; \n\tfont-weight:bold;\t\t  \n}\n.my-title-txt{\n\tfont-size:initial; \n\tcolor:black; \n\tfont-weight:bold; \n\ttext-transform: uppercase;\n\tline-height:1.5em!important;\t\n}\n.entry-content table:not(.variations) {\n    border: 0px solid #eee!important;\n    margin: 0 0 15px;\n    text-align: justify!important;\n    width: 100%; \n }\n.my-paragraphe{\n\tfont-family=initial; \n\tcolor:#666666; \n\tfont-size:12px; \n\tfont-weight:initial; \n\tline-height:1.5em!important;\t\n\tmargin-left:37px;\n\t<!-- text-transform: lowercase!important; -->\n}  \n  hr {\n\tborder:none; \n\tborder-bottom:1.5px \n\tsolid black;\n}    \n\n  \n.et_pb_text_3 h2{\n    font-variant:none!important;\n}\n  \n@media screen and (max-width: 600px) {\n  .my-column {\n    width: 100%;\n    }\n.my-paragraphe{\n\tmargin-left:0px;\n\t}  \n}  \n  \n<\/style>\n\n\n<div class=\"my-row\">\n\n\n<!-- premiere colonne --><div class=\"my-column\">\n\n\n<!-- BLOC DE TEXTE TITRE DE LA PAGE --\n<span><h1>POLITIQUE DE CONFIDENTIALIT\u00c9<\/h1><\/span>\t\t\t\t\t\t\t\t\t\t\t\t\t\t   \n<br>&nbsp;\t\n<\/p>  \n\n\n\n<!-- BLOC DE TEXTE -->\n<span class=\"my-amper\">&para;&nbsp;&nbsp;&#183;&nbsp;&nbsp;<span class=\"my-title-txt\">VOS DROITS<\/span>\t\t\t\t\t\t\t\t\t\t\t\t\t\t   \n<hr>\n<!-- Paragraphes de texte -->\n<p class=\"my-paragraphe\">\n<b>1.1<\/b> Conform\u00e9ment aux articles25 et suivants de la LPD, <b>vous disposez des droit suivants<\/b> :\n<br>- Droit d'acc\u00e8s : vous avez \u00e0 tout moment le droit de conna\u00eetre en particulier quelles donn\u00e9es personnelles sont trait\u00e9es\n<br>- Droit \u00e0 l\u2019information : vous avez le droit d\u2019\u00eatre inform\u00e9 sur la fa\u00e7on dont vos donn\u00e9es sont utilis\u00e9es\n<br>- Droit de retirer le consentement : lorsque des donn\u00e9es sont trait\u00e9es sur la base d\u2019un consentement, celui-ci peut \u00eatre retir\u00e9 en tout temps\n<br>- Droit de refus de traitement : vous avez \u00e0 tout moment le droit de refuser le traitement de vos donn\u00e9es\n<br>- Droit de rectification : vous a le droit de faire rectifier et\/ou de compl\u00e9ter vos donn\u00e9es\n<br>- Droit \u00e0 la limitation du traitement : sous r\u00e9serve de dispositions l\u00e9gales contraires, vous pouvez demander de limiter le traitement qui est fait de vos donn\u00e9es\n<br>- Droit \u00e0 l'effacement\/suppression : vous avez le droit de demander l\u2019effacement ou la suppression de vos donn\u00e9es personnelles \u00e0 moins qu'une base juridique ou un int\u00e9r\u00eat l\u00e9gitime nous oblige ou nous autorise \u00e0 conserver certaines de ces donn\u00e9es\n<br>- Droit \u00e0 la remise ou \u00e0 la transmission des donn\u00e9es : vous avez droit de demander la remise ou la transmission de vos donn\u00e9es dans un format \u00e9lectronique couramment utilis\u00e9 qui permette leur r\u00e9utilisation lorsque le traitement des donn\u00e9es se fait de mani\u00e8re automatis\u00e9e, sur la base d\u2019un consentement\n<br><br><b>1.2<\/b> Certains de ces droits peuvent \u00eatre limit\u00e9s, dans les limites permises par la loi\n<br><br><b>1.3<\/b> Sous r\u00e9serve des exceptions pr\u00e9vues par la loi, l\u2019exercice de ces droits est gratuit\n<br><br><b>1.4<\/b> Les demandes relatives \u00e0 l\u2019exercice de vos droits doivent \u00eatre communiqu\u00e9es au responsable du traitement des donn\u00e9es (d\u00e9fini par le propri\u00e9taire du site), \u00e0 d\u00e9faut au propri\u00e9taire du site (voir article 1 des <a href=\"\/mentions-legales\/\">mentions l\u00e9gales<\/a>)\n<br>\n<br>&nbsp;\t\n<\/p>\n\n \n \n<!-- BLOC DE TEXTE -->\n<span class=\"my-amper\">&para;&nbsp;&nbsp;&#183;&nbsp;&nbsp;<span class=\"my-title-txt\">DROITS QUE VOUS AVEZ ACCORD\u00c9S<\/span>\t\t\t\t\t\t\t\t\t\t\t\t\t\t   \n<hr>\n<!-- Paragraphes de texte -->\n  <p class=\"my-paragraphe\">\nVoyez vos consentements en \n    <a href=\"#\" data-hu-action=\"cookies-notice-revoke\"> cliquant ici<\/a> ou via le bouton de consentement en bas \u00e0 gauche.\n<br>\n<br>&nbsp;\t\n<\/p>  \n  \n  \n  \n  \n \n<!-- seconde colonne --><\/div><div class=\"my-column\">\n\n\n<!-- BLOC DE TEXTE -->\n<span class=\"my-amper\">&para;&nbsp;&nbsp;&#183;&nbsp;&nbsp;<span class=\"my-title-txt\">PROTECTION DES DONN\u00c9ES<\/span>\t\t\t\t\t\t\t\t\t\t\t\t\t\t   \n<hr>\n<!-- Paragraphes de texte -->\n<p class=\"my-paragraphe\">\n<b>2.1 Liens externes<\/b>\n<br>Nous avons soigneusement v\u00e9rifi\u00e9 tous les liens \u00e0 des sites externes lors de la cr\u00e9ation de ce site. Au moment de l\u2019\u00e9tablissement des liens, nous n\u2019avons pas pu identifier de contenus en infraction avec la loi. N\u00e9anmoins, nous n\u2019avons aucune influence sur les contenus des sites li\u00e9s au n\u00f4tre. C\u2019est le prestataire de service respectif qui en assume la responsabilit\u00e9. Si jamais des sites ill\u00e9gaux peuvent \u00eatre consult\u00e9s par les liens hypertextes, nous vous prions de nous en faire part. Nous proc\u00e9derons alors \u00e0 une v\u00e9rification et nous supprimerons \u00e9ventuellement les liens.\n<br>\n<br><b>2.2 Utilisation des informations<\/b>\n<br>En principe, vous pouvez visiter notre site Web sans \u00eatre oblig\u00e9 de fournir des donn\u00e9es personnelles. Les donn\u00e9es d\u2019utilisation non-personnelles telles que votre adresse IP, le dernier site consult\u00e9, le navigateur utilis\u00e9, la date, l\u2019heure, etc., seront anonymis\u00e9es en vue de l\u2019identification de tendances et de l\u2019am\u00e9lioration de notre offre en ligne, avant d\u2019\u00eatre exploit\u00e9es en interne. Nous n\u2019en ferons aucune d\u00e9duction quant \u00e0 votre personne. En ce qui concerne l\u2019adresse IP, dans le but de prot\u00e9ger votre sph\u00e8re priv\u00e9e, le dernier octet IP sera anonymis\u00e9 par la fonction Google analytics https:\/\/tinyurl.com\/yc8dwvnrp). Vous pouvez emp\u00eacher Google Analytics de les saisir en cliquant sur le lien ci-apr\u00e8s. Un cookie \u00ab opt-out \u00bb sera appliqu\u00e9 pour emp\u00eacher la saisie ult\u00e9rieure de vos donn\u00e9es lors de votre prochaine visite de ce site Web : D\u00e9sactiver Google Analytics\n(https:\/\/tinyurl.com\/5yujhb8c)\n<br>\n<br><b>2.3 Retransmission d\u2019informations : aucune retransmission<\/b>\n<br>Les donn\u00e9es susmentionn\u00e9es ne seront ni vendues, ni partag\u00e9es avec des tiers. Exceptions : Prestataire de services externes qui traitent pour notre compte les donn\u00e9es absolument n\u00e9cessaires pour cela. Il s\u2019agit l\u00e0 en particulier des prestataires de service suivants :\n<br>\u2013 Google Inc. (Google Analytics, statistiques d\u2019acc\u00e8s) : Conform\u00e9ment aux Politiques de confidentialit\u00e9 des prestataires mentionn\u00e9s, il est garanti que les exigences de protection et de s\u00e9curit\u00e9 des donn\u00e9es seront respect\u00e9es.\n<br>\u2013 Les Conditions d\u2019utilisation de Google suppl\u00e9mentaires (https:\/\/policies.google.com\/terms?hl=fr&gl=ch ) qui r\u00e9sultent de l\u2019intervention de Google Analytics sur ce site Web sont \u00e9galement applicables\n<br>\u2013 Ce site Web peut utiliser Google Analytics, un service d\u2019analyse du Web de Google Inc. (\u00ab Google \u00bb). Google Analytics utilise ce qu\u2019on d\u00e9signe par des \u00ab cookies \u00bb, des fichiers de texte qui sont sauvegard\u00e9s sur votre ordinateur et qui permettent d\u2019analyser votre utilisation du site Web. Les donn\u00e9es g\u00e9n\u00e9r\u00e9es par le cookie \u00e0 propos de votre utilisation de ce site Web (y compris votre adresse IP) sont transmises \u00e0 un serveur de Google aux Etats-Unis et y seront sauvegard\u00e9es. Google utilisera ces informations pour \u00e9valuer votre utilisation du site Web, pour r\u00e9diger des rapports sur les activit\u00e9s du site Web pour les exploitants du site Web, et pour fournir d\u2019autres prestations de service en liaison avec l\u2019utilisation du site Web et l\u2019utilisation d\u2019Internet. D\u2019autre part, Google transmettra ces informations le cas \u00e9ch\u00e9ant \u00e0 des tiers si c\u2019est prescrit par la loi ou dans la mesure o\u00f9 des tiers traitent ces donn\u00e9es pour le compte de Google. Google ne mettra en aucun cas votre adresse IP en liaison avec d\u2019autres donn\u00e9es de Google. Vous pouvez emp\u00eacher l\u2019installation des cookies par un r\u00e9glage correspondant de votre logiciel de navigation ; nous attirons n\u00e9anmoins votre attention sur le fait que dans ce cas, vous ne pourrez pas vous servir pleinement de toutes les fonctions de ce site Web. Par l\u2019utilisation de ce site Web, vous vous d\u00e9clarez d\u2019accord avec le traitement des donn\u00e9es recueillies sur vous par Google de la mani\u00e8re d\u00e9crite plus haut et dans le but indiqu\u00e9 plus haut.\n<br>\n<br><b>2.4 Cookies<\/b>\n<br>Dans certains cas, on utilisera ce qu\u2019on d\u00e9signe par \u201ccookies\u201d (voir Google Analytics). Le navigateur peut \u00eatre param\u00e9tr\u00e9 de telle fa\u00e7on qu\u2019un avertissement vous soit affich\u00e9 \u00e0 l\u2019\u00e9cran avant la sauvegarde d\u2019un cookie. Vous pouvez \u00e9galement renoncer aux avantages apport\u00e9s par les cookies personnels. Dans ce cas, vous ne pourrez pas utiliser certaines prestations de service.\n<br>\n<br><b>2.5 Services pouvant acc\u00e9der \u00e0 vos donn\u00e9es<\/b>\n<br>En plus du formulaire de contact, les services suivant peuvent \u00eatre pr\u00e9sent ou non sur votre site avec une possibilit\u00e9 d'acc\u00e9der \u00e0 vos donn\u00e9es : Google Fonts; Google Analytics; Google Tag manager; Smush; Forminator; Age Gate; Chaty; Spotlight; ARmembers; EventCalendar; Tawk.to; SmartSupp; Join.chat; WooCommerce; Yith suite; Stripe; Twillo; PayPal; Twint;   \n<br>\n<br>&nbsp;\t\n<\/p>  \n\n<\/div>\n  \n<\/div>\n<\/span><\/p>\n<p class=\"size-17 m-size-14\"><span class=\"font-size-17 m-font-size-14\"><\/span><\/p>\n<\/div>\n<\/div>\n<p>[\/et_pb_text][\/et_pb_column][\/et_pb_row][\/et_pb_section]<\/p>\n","protected":false},"excerpt":{"rendered":"<p>Politique de confidentialit\u00e9 <style>\n.my-column {\n  float: left;\n  width: 50%;\n  padding: 15px;\n}  \n.my-row:after {\n  content: \"\";\n  display: table;\n  clear: both;\n} \n  \n.my-amper{\n\tcolor:black; \n\tfont-size:large; \n\tfont-weight:bold;\n}  \n.my-title-1st-letter{\n\tfont-family=Open-Sans, Arial, sans-serif; \n\tcolor:black; \n\tfont-size:x-large; \n\tfont-weight:bold;\t\t  \n}\n.my-title-txt{\n\tfont-size:initial; \n\tcolor:black; \n\tfont-weight:bold; \n\ttext-transform: uppercase;\n\tline-height:1.5em!important;\t\n}\n.entry-content table:not(.variations) {\n    border: 0px solid #eee!important;\n    margin: 0 0 15px;\n    text-align: justify!important;\n    width: 100%; \n }\n.my-paragraphe{\n\tfont-family=initial; \n\tcolor:#666666; \n\tfont-size:12px; \n\tfont-weight:initial; \n\tline-height:1.5em!important;\t\n\tmargin-left:37px;\n\t<!-- text-transform: lowercase!important; -->\n}  \n  hr {\n\tborder:none; \n\tborder-bottom:1.5px \n\tsolid black;\n}    \n\n  \n.et_pb_text_3 h2{\n    font-variant:none!important;\n}\n  \n@media screen and (max-width: 600px) {\n  .my-column {\n    width: 100%;\n    }\n.my-paragraphe{\n\tmargin-left:0px;\n\t}  \n}  \n  \n<\/style>\n\n\n<div class=\"my-row\">\n\n\n<!-- premiere colonne --><div class=\"my-column\">\n\n\n<!-- BLOC DE TEXTE TITRE DE LA PAGE --\n<span><h1>POLITIQUE DE CONFIDENTIALIT\u00c9<\/h1><\/span>\t\t\t\t\t\t\t\t\t\t\t\t\t\t   \n<br>&nbsp;\t\n<\/p>  \n\n\n\n<!-- BLOC DE TEXTE -->\n<span class=\"my-amper\">&para;&nbsp;&nbsp;&#183;&nbsp;&nbsp;<span class=\"my-title-txt\">VOS DROITS<\/span>\t\t\t\t\t\t\t\t\t\t\t\t\t\t   \n<hr>\n<!-- Paragraphes de texte -->\n<p class=\"my-paragraphe\">\n<b>1.1<\/b> Conform\u00e9ment aux articles25 et suivants de la LPD, <b>vous disposez des droit suivants<\/b> :\n<br>- Droit d'acc\u00e8s : vous avez \u00e0 tout moment le droit de conna\u00eetre en particulier quelles donn\u00e9es personnelles sont trait\u00e9es\n<br>- Droit \u00e0 l\u2019information : vous avez le droit d\u2019\u00eatre inform\u00e9 sur la fa\u00e7on dont vos donn\u00e9es sont utilis\u00e9es\n<br>- Droit de retirer le consentement : lorsque des donn\u00e9es sont trait\u00e9es sur la base d\u2019un consentement, celui-ci peut \u00eatre retir\u00e9 en tout temps\n<br>- Droit de refus de traitement : vous avez \u00e0 tout moment le droit de refuser le traitement de vos donn\u00e9es\n<br>- Droit de rectification : vous a le droit de faire rectifier et\/ou de compl\u00e9ter vos donn\u00e9es\n<br>- Droit \u00e0 la limitation du traitement : sous r\u00e9serve de dispositions l\u00e9gales contraires, vous pouvez demander de limiter le traitement qui est fait de vos donn\u00e9es\n<br>- Droit \u00e0 l'effacement\/suppression : vous avez le droit de demander l\u2019effacement ou la suppression de vos donn\u00e9es personnelles \u00e0 moins qu'une base juridique ou un int\u00e9r\u00eat l\u00e9gitime nous oblige ou nous autorise \u00e0 conserver certaines de ces donn\u00e9es\n<br>- Droit \u00e0 la remise ou \u00e0 la transmission des donn\u00e9es : vous avez droit de demander la remise ou la transmission de vos donn\u00e9es dans un format \u00e9lectronique couramment utilis\u00e9 qui permette leur r\u00e9utilisation lorsque le traitement des donn\u00e9es se fait de mani\u00e8re automatis\u00e9e, sur la base d\u2019un consentement\n<br><br><b>1.2<\/b> Certains de ces droits peuvent \u00eatre limit\u00e9s, dans les limites permises par la loi\n<br><br><b>1.3<\/b> Sous r\u00e9serve des exceptions pr\u00e9vues par la loi, l\u2019exercice de ces droits est gratuit\n<br><br><b>1.4<\/b> Les demandes relatives \u00e0 l\u2019exercice de vos droits doivent \u00eatre communiqu\u00e9es au responsable du traitement des donn\u00e9es (d\u00e9fini par le propri\u00e9taire du site), \u00e0 d\u00e9faut au propri\u00e9taire du site (voir article 1 des <a href=\"\/it\/mentions-legales\/\">Note legali<\/a>)\n<br>\n<br>&nbsp;\t\n<\/p>\n\n \n \n<!-- BLOC DE TEXTE -->\n<span class=\"my-amper\">&para;&nbsp;&nbsp;&#183;&nbsp;&nbsp;<span class=\"my-title-txt\">DROITS QUE VOUS AVEZ ACCORD\u00c9S<\/span>\t\t\t\t\t\t\t\t\t\t\t\t\t\t   \n<hr>\n<!-- Paragraphes de texte -->\n  <p class=\"my-paragraphe\">\nVoyez vos consentements en \n    <a href=\"#\" data-hu-action=\"cookies-notice-revoke\"> cliquant ici<\/a> ou via le bouton de consentement en bas \u00e0 gauche.\n<br>\n<br>&nbsp;\t\n<\/p>  \n  \n  \n  \n  \n \n<!-- seconde colonne --><\/div><div class=\"my-column\">\n\n\n<!-- BLOC DE TEXTE -->\n<span class=\"my-amper\">&para;&nbsp;&nbsp;&#183;&nbsp;&nbsp;<span class=\"my-title-txt\">PROTECTION DES DONN\u00c9ES<\/span>\t\t\t\t\t\t\t\t\t\t\t\t\t\t   \n<hr>\n<!-- Paragraphes de texte -->\n<p class=\"my-paragraphe\">\n<b>2.1 Liens externes<\/b>\n<br>Nous avons soigneusement v\u00e9rifi\u00e9 tous les liens \u00e0 des sites externes lors de la cr\u00e9ation de ce site. Au moment de l\u2019\u00e9tablissement des liens, nous n\u2019avons pas pu identifier de contenus en infraction avec la loi. N\u00e9anmoins, nous n\u2019avons aucune influence sur les contenus des sites li\u00e9s au n\u00f4tre. C\u2019est le prestataire de service respectif qui en assume la responsabilit\u00e9. Si jamais des sites ill\u00e9gaux peuvent \u00eatre consult\u00e9s par les liens hypertextes, nous vous prions de nous en faire part. Nous proc\u00e9derons alors \u00e0 une v\u00e9rification et nous supprimerons \u00e9ventuellement les liens.\n<br>\n<br><b>2.2 Utilisation des informations<\/b>\n<br>En principe, vous pouvez visiter notre site Web sans \u00eatre oblig\u00e9 de fournir des donn\u00e9es personnelles. Les donn\u00e9es d\u2019utilisation non-personnelles telles que votre adresse IP, le dernier site consult\u00e9, le navigateur utilis\u00e9, la date, l\u2019heure, etc., seront anonymis\u00e9es en vue de l\u2019identification de tendances et de l\u2019am\u00e9lioration de notre offre en ligne, avant d\u2019\u00eatre exploit\u00e9es en interne. Nous n\u2019en ferons aucune d\u00e9duction quant \u00e0 votre personne. En ce qui concerne l\u2019adresse IP, dans le but de prot\u00e9ger votre sph\u00e8re priv\u00e9e, le dernier octet IP sera anonymis\u00e9 par la fonction Google analytics https:\/\/tinyurl.com\/yc8dwvnrp). Vous pouvez emp\u00eacher Google Analytics de les saisir en cliquant sur le lien ci-apr\u00e8s. Un cookie \u00ab opt-out \u00bb sera appliqu\u00e9 pour emp\u00eacher la saisie ult\u00e9rieure de vos donn\u00e9es lors de votre prochaine visite de ce site Web : D\u00e9sactiver Google Analytics\n(https:\/\/tinyurl.com\/5yujhb8c)\n<br>\n<br><b>2.3 Retransmission d\u2019informations : aucune retransmission<\/b>\n<br>Les donn\u00e9es susmentionn\u00e9es ne seront ni vendues, ni partag\u00e9es avec des tiers. Exceptions : Prestataire de services externes qui traitent pour notre compte les donn\u00e9es absolument n\u00e9cessaires pour cela. Il s\u2019agit l\u00e0 en particulier des prestataires de service suivants :\n<br>\u2013 Google Inc. (Google Analytics, statistiques d\u2019acc\u00e8s) : Conform\u00e9ment aux Politiques de confidentialit\u00e9 des prestataires mentionn\u00e9s, il est garanti que les exigences de protection et de s\u00e9curit\u00e9 des donn\u00e9es seront respect\u00e9es.\n<br>\u2013 Les Conditions d\u2019utilisation de Google suppl\u00e9mentaires (https:\/\/policies.google.com\/terms?hl=fr&gl=ch ) qui r\u00e9sultent de l\u2019intervention de Google Analytics sur ce site Web sont \u00e9galement applicables\n<br>\u2013 Ce site Web peut utiliser Google Analytics, un service d\u2019analyse du Web de Google Inc. (\u00ab Google \u00bb). Google Analytics utilise ce qu\u2019on d\u00e9signe par des \u00ab cookies \u00bb, des fichiers de texte qui sont sauvegard\u00e9s sur votre ordinateur et qui permettent d\u2019analyser votre utilisation du site Web. Les donn\u00e9es g\u00e9n\u00e9r\u00e9es par le cookie \u00e0 propos de votre utilisation de ce site Web (y compris votre adresse IP) sont transmises \u00e0 un serveur de Google aux Etats-Unis et y seront sauvegard\u00e9es. Google utilisera ces informations pour \u00e9valuer votre utilisation du site Web, pour r\u00e9diger des rapports sur les activit\u00e9s du site Web pour les exploitants du site Web, et pour fournir d\u2019autres prestations de service en liaison avec l\u2019utilisation du site Web et l\u2019utilisation d\u2019Internet. D\u2019autre part, Google transmettra ces informations le cas \u00e9ch\u00e9ant \u00e0 des tiers si c\u2019est prescrit par la loi ou dans la mesure o\u00f9 des tiers traitent ces donn\u00e9es pour le compte de Google. Google ne mettra en aucun cas votre adresse IP en liaison avec d\u2019autres donn\u00e9es de Google. Vous pouvez emp\u00eacher l\u2019installation des cookies par un r\u00e9glage correspondant de votre logiciel de navigation ; nous attirons n\u00e9anmoins votre attention sur le fait que dans ce cas, vous ne pourrez pas vous servir pleinement de toutes les fonctions de ce site Web. Par l\u2019utilisation de ce site Web, vous vous d\u00e9clarez d\u2019accord avec le traitement des donn\u00e9es recueillies sur vous par Google de la mani\u00e8re d\u00e9crite plus haut et dans le but indiqu\u00e9 plus haut.\n<br>\n<br><b>2.4 Cookies<\/b>\n<br>Dans certains cas, on utilisera ce qu\u2019on d\u00e9signe par \u201ccookies\u201d (voir Google Analytics). Le navigateur peut \u00eatre param\u00e9tr\u00e9 de telle fa\u00e7on qu\u2019un avertissement vous soit affich\u00e9 \u00e0 l\u2019\u00e9cran avant la sauvegarde d\u2019un cookie. Vous pouvez \u00e9galement renoncer aux avantages apport\u00e9s par les cookies personnels. Dans ce cas, vous ne pourrez pas utiliser certaines prestations de service.\n<br>\n<br><b>2.5 Services pouvant acc\u00e9der \u00e0 vos donn\u00e9es<\/b>\n<br>En plus du formulaire de contact, les services suivant peuvent \u00eatre pr\u00e9sent ou non sur votre site avec une possibilit\u00e9 d'acc\u00e9der \u00e0 vos donn\u00e9es : Google Fonts; Google Analytics; Google Tag manager; Smush; Forminator; Age Gate; Chaty; Spotlight; ARmembers; EventCalendar; Tawk.to; SmartSupp; Join.chat; WooCommerce; Yith suite; Stripe; Twillo; PayPal; Twint;   \n<br>\n<br>&nbsp;\t\n<\/p>  \n\n<\/div>\n  \n<\/div>\n<\/p>","protected":false},"author":4,"featured_media":0,"parent":0,"menu_order":99,"comment_status":"closed","ping_status":"closed","template":"","meta":{"_et_pb_use_builder":"on","_et_pb_old_content":"","_et_gb_content_width":"","footnotes":""},"class_list":["post-709","page","type-page","status-publish","hentry"],"_links":{"self":[{"href":"https:\/\/pulcinellasierre.ch\/it\/wp-json\/wp\/v2\/pages\/709","targetHints":{"allow":["GET"]}}],"collection":[{"href":"https:\/\/pulcinellasierre.ch\/it\/wp-json\/wp\/v2\/pages"}],"about":[{"href":"https:\/\/pulcinellasierre.ch\/it\/wp-json\/wp\/v2\/types\/page"}],"author":[{"embeddable":true,"href":"https:\/\/pulcinellasierre.ch\/it\/wp-json\/wp\/v2\/users\/4"}],"replies":[{"embeddable":true,"href":"https:\/\/pulcinellasierre.ch\/it\/wp-json\/wp\/v2\/comments?post=709"}],"version-history":[{"count":3,"href":"https:\/\/pulcinellasierre.ch\/it\/wp-json\/wp\/v2\/pages\/709\/revisions"}],"predecessor-version":[{"id":941,"href":"https:\/\/pulcinellasierre.ch\/it\/wp-json\/wp\/v2\/pages\/709\/revisions\/941"}],"wp:attachment":[{"href":"https:\/\/pulcinellasierre.ch\/it\/wp-json\/wp\/v2\/media?parent=709"}],"curies":[{"name":"wp","href":"https:\/\/api.w.org\/{rel}","templated":true}]}}